{"id":231847,"date":"2022-01-09T08:38:48","date_gmt":"2022-01-09T07:38:48","guid":{"rendered":"https:\/\/prijevoz-betona.com\/nasi-kupci\/"},"modified":"2022-02-13T16:26:14","modified_gmt":"2022-02-13T15:26:14","slug":"unsere-abnehmer","status":"publish","type":"page","link":"https:\/\/prijevoz-betona.com\/de\/unsere-abnehmer\/","title":{"rendered":"Unsere Abnehmer"},"content":{"rendered":"<p>[et_pb_section fb_built=&#8220;1&#8243; custom_padding_last_edited=&#8220;on|phone&#8220; _builder_version=&#8220;4.14.4&#8243; background_enable_color=&#8220;off&#8220; use_background_color_gradient=&#8220;on&#8220; background_color_gradient_start=&#8220;rgba(0,0,0,0.36)&#8220; background_color_gradient_end=&#8220;#000000&#8243; background_color_gradient_overlays_image=&#8220;on&#8220; background_image=&#8220;https:\/\/prijevoz-betona.com\/wp-content\/uploads\/2022\/01\/img_0014.jpg&#8220; background_enable_video_mp4=&#8220;off&#8220; custom_padding=&#8220;175px|0px|50px|0px|false|false&#8220; custom_padding_tablet=&#8220;175px|0px|175px|0px|true|false&#8220; custom_padding_phone=&#8220;120px|0px|20px|0px|false|false&#8220; animation_direction=&#8220;top&#8220; custom_css_before=&#8220;content:%22%22;||    display: block;||    position: absolute;||    top: 0;||    left: 0;||    width: 100%;||    height: 100%;||     background-color: rgba(0,0,0,0.50);||  background-blend-mode: darken;||    z-index: 1;&#8220; saved_tabs=&#8220;all&#8220; global_colors_info=&#8220;{}&#8220;][et_pb_row _builder_version=&#8220;3.25&#8243; custom_margin=&#8220;|auto|8px|auto||&#8220; custom_padding=&#8220;27px|0px|0px|0px|false|false&#8220; global_colors_info=&#8220;{}&#8220;][et_pb_column type=&#8220;4_4&#8243; _builder_version=&#8220;3.25&#8243; custom_padding=&#8220;|||&#8220; global_colors_info=&#8220;{}&#8220; custom_padding__hover=&#8220;|||&#8220;][et_pb_post_title meta=&#8220;off&#8220; featured_image=&#8220;off&#8220; admin_label=&#8220;Post Title&#8220; _builder_version=&#8220;4.14.4&#8243; _module_preset=&#8220;default&#8220; title_font=&#8220;Oswald|||on|||||&#8220; title_text_color=&#8220;#FFFFFF&#8220; title_font_size=&#8220;50px&#8220; title_font_size_tablet=&#8220;50px&#8220; title_font_size_phone=&#8220;36px&#8220; title_font_size_last_edited=&#8220;on|phone&#8220; global_colors_info=&#8220;{}&#8220;][\/et_pb_post_title][\/et_pb_column][\/et_pb_row][\/et_pb_section][et_pb_section fb_built=&#8220;1&#8243; _builder_version=&#8220;3.22&#8243; custom_padding=&#8220;27px|0px|27px|0px|true|false&#8220; global_colors_info=&#8220;{}&#8220;][et_pb_row _builder_version=&#8220;3.25&#8243; custom_padding=&#8220;||4px|||&#8220; animation_style=&#8220;fold&#8220; animation_direction=&#8220;top&#8220; animation_duration=&#8220;1300ms&#8220; animation_delay=&#8220;500ms&#8220; global_colors_info=&#8220;{}&#8220;][et_pb_column type=&#8220;4_4&#8243; _builder_version=&#8220;3.25&#8243; custom_padding=&#8220;|||&#8220; global_colors_info=&#8220;{}&#8220; custom_padding__hover=&#8220;|||&#8220;][et_pb_text _builder_version=&#8220;4.14.5&#8243; text_font=&#8220;Rajdhani||||||||&#8220; text_text_color=&#8220;#000000&#8243; text_font_size=&#8220;22px&#8220; text_line_height=&#8220;1.8em&#8220; header_font=&#8220;Oswald|300||on|||||&#8220; header_text_align=&#8220;center&#8220; header_text_color=&#8220;#c41919&#8243; header_font_size=&#8220;50px&#8220; header_line_height=&#8220;1.3em&#8220; header_2_font=&#8220;Oswald|300||on|||||&#8220; header_2_text_color=&#8220;#c41919&#8243; header_2_font_size=&#8220;50px&#8220; header_2_line_height=&#8220;1.3em&#8220; max_width=&#8220;100%&#8220; max_width_tablet=&#8220;&#8220; max_width_phone=&#8220;98%&#8220; max_width_last_edited=&#8220;on|desktop&#8220; module_alignment=&#8220;left&#8220; header_2_font_size_tablet=&#8220;50px&#8220; header_2_font_size_phone=&#8220;32px&#8220; header_2_font_size_last_edited=&#8220;on|phone&#8220; global_colors_info=&#8220;{}&#8220;]<\/p>\n<p>Hinter uns sind einige der gr\u00f6\u00dften Projekte in Zagreb, die wir erfolgreich und qualitativ abgearbeitet haben.\u00a0<\/p>\n<p><strong>Einige davon sind:\u00a0<\/strong><\/p>\n<ul>\n<li>Sportska dvorana arena Zagreb<\/li>\n<li>Arena center<\/li>\n<li>Ban center<\/li>\n<li>Supernova Buzin<\/li>\n<li>POS Klara<\/li>\n<li>Center Bundek Eine gro\u00dfe Anzahl von Flugr\u00e4dern f\u00fcr die Elektroenergie in Zadar, Split \u2026<\/li>\n<\/ul>\n<p>Auch den weiteren Auftr\u00e4gen, die uns die M\u00f6glichkeit geben unsere Angebote mit Arbeit, Wissen, Erfahrung und Fertigkeiten zu erf\u00fcllen, bauen wir Vertrauen auf.<\/p>\n<p>[\/et_pb_text][\/et_pb_column][\/et_pb_row][\/et_pb_section]<\/p>\n","protected":false},"excerpt":{"rendered":"<p>Hinter uns sind einige der gr\u00f6\u00dften Projekte in Zagreb, die wir erfolgreich und qualitativ abgearbeitet haben.\u00a0 Einige davon sind:\u00a0 Sportska dvorana arena Zagreb Arena center Ban center Supernova Buzin POS Klara Center Bundek Eine gro\u00dfe Anzahl von Flugr\u00e4dern f\u00fcr die Elektroenergie in Zadar, Split \u2026 Auch den weiteren Auftr\u00e4gen, die uns die M\u00f6glichkeit geben unsere [&hellip;]<\/p>\n","protected":false},"author":1,"featured_media":0,"parent":0,"menu_order":0,"comment_status":"closed","ping_status":"closed","template":"","meta":{"_et_pb_use_builder":"on","_et_pb_old_content":"","_et_gb_content_width":""},"_links":{"self":[{"href":"https:\/\/prijevoz-betona.com\/de\/wp-json\/wp\/v2\/pages\/231847"}],"collection":[{"href":"https:\/\/prijevoz-betona.com\/de\/wp-json\/wp\/v2\/pages"}],"about":[{"href":"https:\/\/prijevoz-betona.com\/de\/wp-json\/wp\/v2\/types\/page"}],"author":[{"embeddable":true,"href":"https:\/\/prijevoz-betona.com\/de\/wp-json\/wp\/v2\/users\/1"}],"replies":[{"embeddable":true,"href":"https:\/\/prijevoz-betona.com\/de\/wp-json\/wp\/v2\/comments?post=231847"}],"version-history":[{"count":4,"href":"https:\/\/prijevoz-betona.com\/de\/wp-json\/wp\/v2\/pages\/231847\/revisions"}],"predecessor-version":[{"id":232018,"href":"https:\/\/prijevoz-betona.com\/de\/wp-json\/wp\/v2\/pages\/231847\/revisions\/232018"}],"wp:attachment":[{"href":"https:\/\/prijevoz-betona.com\/de\/wp-json\/wp\/v2\/media?parent=231847"}],"curies":[{"name":"wp","href":"https:\/\/api.w.org\/{rel}","templated":true}]}}