{"id":231842,"date":"2022-01-09T08:19:32","date_gmt":"2022-01-09T07:19:32","guid":{"rendered":"https:\/\/prijevoz-betona.com\/o-nama\/"},"modified":"2022-02-13T16:22:32","modified_gmt":"2022-02-13T15:22:32","slug":"ueber-uns","status":"publish","type":"page","link":"https:\/\/prijevoz-betona.com\/de\/ueber-uns\/","title":{"rendered":"\u00dcber uns"},"content":{"rendered":"<p>[et_pb_section fb_built=&#8220;1&#8243; custom_padding_last_edited=&#8220;on|phone&#8220; _builder_version=&#8220;4.14.4&#8243; background_enable_color=&#8220;off&#8220; use_background_color_gradient=&#8220;on&#8220; background_color_gradient_start=&#8220;rgba(0,0,0,0.36)&#8220; background_color_gradient_end=&#8220;#000000&#8243; background_color_gradient_overlays_image=&#8220;on&#8220; background_image=&#8220;https:\/\/prijevoz-betona.com\/wp-content\/uploads\/2022\/01\/img_0014.jpg&#8220; background_enable_video_mp4=&#8220;off&#8220; custom_padding=&#8220;175px|0px|50px|0px|false|false&#8220; custom_padding_tablet=&#8220;175px|0px|175px|0px|true|false&#8220; custom_padding_phone=&#8220;120px|0px|20px|0px|false|false&#8220; animation_direction=&#8220;top&#8220; custom_css_before=&#8220;content:%22%22;||    display: block;||    position: absolute;||    top: 0;||    left: 0;||    width: 100%;||    height: 100%;||     background-color: rgba(0,0,0,0.50);||  background-blend-mode: darken;||    z-index: 1;&#8220; saved_tabs=&#8220;all&#8220; global_colors_info=&#8220;{}&#8220;][et_pb_row _builder_version=&#8220;3.25&#8243; custom_margin=&#8220;|auto|8px|auto||&#8220; custom_padding=&#8220;27px|0px|0px|0px|false|false&#8220; global_colors_info=&#8220;{}&#8220;][et_pb_column type=&#8220;4_4&#8243; _builder_version=&#8220;3.25&#8243; custom_padding=&#8220;|||&#8220; global_colors_info=&#8220;{}&#8220; custom_padding__hover=&#8220;|||&#8220;][et_pb_post_title meta=&#8220;off&#8220; featured_image=&#8220;off&#8220; admin_label=&#8220;Post Title&#8220; _builder_version=&#8220;4.14.4&#8243; _module_preset=&#8220;default&#8220; title_font=&#8220;Oswald|||on|||||&#8220; title_text_color=&#8220;#FFFFFF&#8220; title_font_size=&#8220;50px&#8220; title_font_size_tablet=&#8220;50px&#8220; title_font_size_phone=&#8220;36px&#8220; title_font_size_last_edited=&#8220;on|phone&#8220; global_colors_info=&#8220;{}&#8220;][\/et_pb_post_title][\/et_pb_column][\/et_pb_row][\/et_pb_section][et_pb_section fb_built=&#8220;1&#8243; _builder_version=&#8220;3.22&#8243; custom_padding=&#8220;27px|0px|27px|0px|true|false&#8220; global_colors_info=&#8220;{}&#8220;][et_pb_row _builder_version=&#8220;3.25&#8243; custom_padding=&#8220;||4px|||&#8220; animation_style=&#8220;fold&#8220; animation_direction=&#8220;top&#8220; animation_duration=&#8220;1300ms&#8220; animation_delay=&#8220;500ms&#8220; global_colors_info=&#8220;{}&#8220;][et_pb_column type=&#8220;4_4&#8243; _builder_version=&#8220;3.25&#8243; custom_padding=&#8220;|||&#8220; global_colors_info=&#8220;{}&#8220; custom_padding__hover=&#8220;|||&#8220;][et_pb_text _builder_version=&#8220;4.14.5&#8243; text_font=&#8220;Rajdhani||||||||&#8220; text_text_color=&#8220;#000000&#8243; text_font_size=&#8220;22px&#8220; text_line_height=&#8220;1.8em&#8220; header_font=&#8220;Oswald|300||on|||||&#8220; header_text_align=&#8220;center&#8220; header_text_color=&#8220;#c41919&#8243; header_font_size=&#8220;50px&#8220; header_line_height=&#8220;1.3em&#8220; header_2_font=&#8220;Oswald|300||on|||||&#8220; header_2_text_color=&#8220;#c41919&#8243; header_2_font_size=&#8220;50px&#8220; header_2_line_height=&#8220;1.3em&#8220; max_width=&#8220;100%&#8220; max_width_tablet=&#8220;&#8220; max_width_phone=&#8220;98%&#8220; max_width_last_edited=&#8220;on|desktop&#8220; module_alignment=&#8220;left&#8220; header_2_font_size_tablet=&#8220;50px&#8220; header_2_font_size_phone=&#8220;32px&#8220; header_2_font_size_last_edited=&#8220;on|phone&#8220; global_colors_info=&#8220;{}&#8220;]<\/p>\n<p><strong>Die Gesellschaft Speditionen Majetic<\/strong> wurde 1992 unter eigenem Kapital gegr\u00fcndet. Aller Anfang ist schwer, so auch in unserem Fall. Vor 20 Jahren begannen wir die Geschichte zu bilden. Wir hatten eine Fahrmischmaschine von 6m3 und von da an ging es bergauf. Durch diesen Aufstieg begannen sich auch unsere Auftr\u00e4ge zu vermehren und somit konnten wir auch unsere Kapazit\u00e4ten vergr\u00f6\u00dfern. Wir sammelten Erfahrungen, arbeiteten 24 Stunden am Tag, kn\u00fcpften Beziehungen und bauten Vertrauen auf.\u00a0<\/p>\n<p><strong>Heute sind wir die f\u00fchrende private Gesellschaft unseres Segments in Kroatien.<\/strong> Spedition Majetic ist stolzer Besitzer von 13 Lastkraftw\u00e4gen f\u00fcr die Lieferung und f\u00fcr den Einbau von Beton. Jeder Mitarbeiter unseres Betriebs ist professionell eingearbeiteter Mitarbeiter. Jeder Fahrer k\u00fcmmert sich selbst um \u201eseinen\u201c Lastkraftwagen, f\u00fcr welchen er auch Verantwortung tr\u00e4gt.\u00a0<\/p>\n<p>Zurzeit haben wir \u00fcber zehn Mitarbeiter, die sich mit gro\u00dfer Erfahrung und Fertigkeit in Ansteuern der Fahrzeuge \u00fcber ihre Arbeit k\u00fcmmern; sei dies \u00fcber ihre Mitmenschen in n\u00e4herer Umgebung oder auf dem Baugel\u00e4nde. Ein- bis zweimal im Jahr gibt es in unserem Betrieb eine \u201eUnterrichtsstunde\u201c \u00fcber den Betriebsgefahrenschutz, die Verkehrsordnung und Fortbildung der\u00a0Fahrer.<\/p>\n<p>[\/et_pb_text][\/et_pb_column][\/et_pb_row][et_pb_row _builder_version=&#8220;3.25&#8243; custom_padding=&#8220;13px|0px|5px|0px|false|false&#8220; animation_style=&#8220;fold&#8220; animation_direction=&#8220;top&#8220; animation_duration=&#8220;1300ms&#8220; animation_delay=&#8220;500ms&#8220; global_colors_info=&#8220;{}&#8220;][et_pb_column type=&#8220;4_4&#8243; _builder_version=&#8220;3.25&#8243; custom_padding=&#8220;|||&#8220; global_colors_info=&#8220;{}&#8220; custom_padding__hover=&#8220;|||&#8220;][et_pb_text _builder_version=&#8220;4.14.5&#8243; text_font=&#8220;Rajdhani||||||||&#8220; text_text_color=&#8220;#000000&#8243; text_font_size=&#8220;22px&#8220; text_line_height=&#8220;1.8em&#8220; header_font=&#8220;Oswald|300||on|||||&#8220; header_text_align=&#8220;center&#8220; header_text_color=&#8220;#c41919&#8243; header_font_size=&#8220;50px&#8220; header_line_height=&#8220;1.3em&#8220; header_2_font=&#8220;Oswald|300||on|||||&#8220; header_2_text_color=&#8220;#c41919&#8243; header_2_font_size=&#8220;50px&#8220; header_2_line_height=&#8220;1.3em&#8220; text_orientation=&#8220;center&#8220; max_width=&#8220;60%&#8220; max_width_tablet=&#8220;&#8220; max_width_phone=&#8220;98%&#8220; max_width_last_edited=&#8220;on|desktop&#8220; module_alignment=&#8220;center&#8220; header_2_font_size_tablet=&#8220;50px&#8220; header_2_font_size_phone=&#8220;32px&#8220; header_2_font_size_last_edited=&#8220;on|phone&#8220; global_colors_info=&#8220;{}&#8220;]<\/p>\n<h2><strong>Galerie<\/strong><\/h2>\n<p>[\/et_pb_text][\/et_pb_column][\/et_pb_row][et_pb_row column_structure=&#8220;1_3,1_3,1_3&#8243; use_custom_gutter=&#8220;on&#8220; gutter_width=&#8220;2&#8243; make_equal=&#8220;on&#8220; module_id=&#8220;wk-galerija&#8220; _builder_version=&#8220;4.14.4&#8243; custom_padding=&#8220;27px|0px|22px|0px|false|false&#8220; animation_style=&#8220;fold&#8220; animation_direction=&#8220;bottom&#8220; animation_duration=&#8220;1300ms&#8220; animation_delay=&#8220;500ms&#8220; saved_tabs=&#8220;all&#8220; global_colors_info=&#8220;{}&#8220; theme_builder_area=&#8220;post_content&#8220;][et_pb_column type=&#8220;1_3&#8243; _builder_version=&#8220;3.25&#8243; custom_padding=&#8220;|||&#8220; global_colors_info=&#8220;{}&#8220; custom_padding__hover=&#8220;|||&#8220; theme_builder_area=&#8220;post_content&#8220;][et_pb_gallery gallery_ids=&#8220;231929,231914,231893,231887,231890,231896,231899,231902,231905,231908,231911,231917,231920,231923,231926,231932&#8243; fullwidth=&#8220;on&#8220; _builder_version=&#8220;4.14.5&#8243; _module_preset=&#8220;default&#8220; pagination_text_color=&#8220;#ffffff&#8220; global_colors_info=&#8220;{}&#8220; theme_builder_area=&#8220;post_content&#8220;][\/et_pb_gallery][et_pb_divider color=&#8220;#c41919&#8243; divider_weight=&#8220;37px&#8220; _builder_version=&#8220;3.19.3&#8243; max_width=&#8220;9%&#8220; custom_margin=&#8220;-37px|||20px&#8220; custom_margin_tablet=&#8220;&#8220; custom_margin_phone=&#8220;-49px||&#8220; custom_margin_last_edited=&#8220;on|desktop&#8220; custom_padding=&#8220;0px||&#8220; global_colors_info=&#8220;{}&#8220; theme_builder_area=&#8220;post_content&#8220;][\/et_pb_divider][\/et_pb_column][et_pb_column type=&#8220;1_3&#8243; _builder_version=&#8220;3.25&#8243; custom_padding=&#8220;|||&#8220; global_colors_info=&#8220;{}&#8220; custom_padding__hover=&#8220;|||&#8220; theme_builder_area=&#8220;post_content&#8220;][et_pb_gallery gallery_ids=&#8220;231941,231944,231947,231950,231953,231956,231959,231962,231965,231968,231971,231974&#8243; fullwidth=&#8220;on&#8220; _builder_version=&#8220;4.14.5&#8243; _module_preset=&#8220;default&#8220; pagination_text_color=&#8220;#ffffff&#8220; global_colors_info=&#8220;{}&#8220; theme_builder_area=&#8220;post_content&#8220;][\/et_pb_gallery][et_pb_divider color=&#8220;#c41919&#8243; divider_weight=&#8220;37px&#8220; _builder_version=&#8220;3.19.3&#8243; max_width=&#8220;9%&#8220; custom_margin=&#8220;-37px|||20px&#8220; custom_margin_tablet=&#8220;&#8220; custom_margin_phone=&#8220;-49px||&#8220; custom_margin_last_edited=&#8220;on|desktop&#8220; custom_padding=&#8220;0px||&#8220; global_colors_info=&#8220;{}&#8220; theme_builder_area=&#8220;post_content&#8220;][\/et_pb_divider][\/et_pb_column][et_pb_column type=&#8220;1_3&#8243; _builder_version=&#8220;3.25&#8243; custom_padding=&#8220;|||&#8220; global_colors_info=&#8220;{}&#8220; custom_padding__hover=&#8220;|||&#8220; theme_builder_area=&#8220;post_content&#8220;][et_pb_gallery gallery_ids=&#8220;231989,231992,231995,231998&#8243; fullwidth=&#8220;on&#8220; _builder_version=&#8220;4.14.5&#8243; _module_preset=&#8220;default&#8220; pagination_text_color=&#8220;#ffffff&#8220; global_colors_info=&#8220;{}&#8220; theme_builder_area=&#8220;post_content&#8220;][\/et_pb_gallery][et_pb_divider color=&#8220;#c41919&#8243; divider_weight=&#8220;37px&#8220; _builder_version=&#8220;3.19&#8243; max_width=&#8220;9%&#8220; custom_margin=&#8220;-37px|||20px&#8220; custom_margin_tablet=&#8220;&#8220; custom_margin_phone=&#8220;-49px||&#8220; custom_margin_last_edited=&#8220;on|desktop&#8220; custom_padding=&#8220;0px||&#8220; global_colors_info=&#8220;{}&#8220; theme_builder_area=&#8220;post_content&#8220;][\/et_pb_divider][\/et_pb_column][\/et_pb_row][et_pb_row column_structure=&#8220;1_3,1_3,1_3&#8243; use_custom_gutter=&#8220;on&#8220; gutter_width=&#8220;2&#8243; make_equal=&#8220;on&#8220; module_id=&#8220;wk-galerija&#8220; _builder_version=&#8220;4.14.4&#8243; custom_padding=&#8220;27px|0px|22px|0px|false|false&#8220; animation_style=&#8220;fold&#8220; animation_direction=&#8220;bottom&#8220; animation_duration=&#8220;1300ms&#8220; animation_delay=&#8220;500ms&#8220; saved_tabs=&#8220;all&#8220; global_colors_info=&#8220;{}&#8220;][et_pb_column type=&#8220;1_3&#8243; _builder_version=&#8220;3.25&#8243; custom_padding=&#8220;|||&#8220; global_colors_info=&#8220;{}&#8220; custom_padding__hover=&#8220;|||&#8220;][et_pb_gallery gallery_ids=&#8220;231548,231550,231552,231554,231556,231558,231560,231562,231564,231566,231568,231570,231572,231574,231576,231578,231580,231582,231584,231586,231588,231590,231592,231594,231596,231598,231600,231602,231604,231606,231608,231610,231612,231614,231616,231618,231620,231622,231624,231626,231628,231630,231632,231634,231636,231638,231640,231642,231644,231646,231648,231650,231652,231654,231656,231658,231660,231662,231664,231666,231668,231670,231672,231674,231676,231678,231680,231682,231684,231686,231688,231690,231692,231694,231696,231698,231700,231702,231704,231706&#8243; fullwidth=&#8220;on&#8220; _builder_version=&#8220;4.14.4&#8243; _module_preset=&#8220;default&#8220; pagination_text_color=&#8220;#ffffff&#8220; global_colors_info=&#8220;{}&#8220;][\/et_pb_gallery][et_pb_divider color=&#8220;#c41919&#8243; divider_weight=&#8220;37px&#8220; _builder_version=&#8220;3.19.3&#8243; max_width=&#8220;9%&#8220; custom_margin=&#8220;-37px|||20px&#8220; custom_margin_tablet=&#8220;&#8220; custom_margin_phone=&#8220;-49px||&#8220; custom_margin_last_edited=&#8220;on|desktop&#8220; custom_padding=&#8220;0px||&#8220; global_colors_info=&#8220;{}&#8220;][\/et_pb_divider][\/et_pb_column][et_pb_column type=&#8220;1_3&#8243; _builder_version=&#8220;3.25&#8243; custom_padding=&#8220;|||&#8220; global_colors_info=&#8220;{}&#8220; custom_padding__hover=&#8220;|||&#8220;][et_pb_gallery gallery_ids=&#8220;231592,231594,231596,231598,231600,231602,231604,231606,231608,231610,231612,231614,231616,231618,231620,231622,231624,231626,231628,231630,231632,231634,231636,231638,231640,231642,231644,231646,231648,231650,231652,231654,231656,231658,231660,231662,231664,231666,231668,231670,231672,231674,231676,231678,231680,231682,231684,231686,231688,231690,231692,231694,231696,231698,231700,231702,231704,231706,231708,231710,231712,231714,231716,231718,231720,231722,231724,231726,231728,231730,231732,231734,231736,231738,231740,231742,231744,231746,231748,231750,231752,231754&#8243; fullwidth=&#8220;on&#8220; _builder_version=&#8220;4.14.4&#8243; _module_preset=&#8220;default&#8220; custom_css_gallery_pagination=&#8220;display: none !important;&#8220; global_colors_info=&#8220;{}&#8220;][\/et_pb_gallery][et_pb_divider color=&#8220;#c41919&#8243; divider_weight=&#8220;37px&#8220; _builder_version=&#8220;3.19.3&#8243; max_width=&#8220;9%&#8220; custom_margin=&#8220;-37px|||20px&#8220; custom_margin_tablet=&#8220;&#8220; custom_margin_phone=&#8220;-49px||&#8220; custom_margin_last_edited=&#8220;on|desktop&#8220; custom_padding=&#8220;0px||&#8220; global_colors_info=&#8220;{}&#8220;][\/et_pb_divider][\/et_pb_column][et_pb_column type=&#8220;1_3&#8243; _builder_version=&#8220;3.25&#8243; custom_padding=&#8220;|||&#8220; global_colors_info=&#8220;{}&#8220; custom_padding__hover=&#8220;|||&#8220;][et_pb_gallery gallery_ids=&#8220;231612,231610,231614,231616,231618,231620,231622,231624,231626,231628,231630,231632,231634,231636,231638,231640,231642,231644,231646,231648,231650,231652,231654,231656,231658,231660,231662,231664,231666,231668,231670,231672,231674,231676,231678,231680,231682,231684,231686,231688,231690,231692,231694,231696,231698,231700,231702,231704,231706,231708,231710,231712,231714,231716,231718,231720,231722,231724,231726,231728,231730,231732,231734&#8243; fullwidth=&#8220;on&#8220; _builder_version=&#8220;4.14.4&#8243; _module_preset=&#8220;default&#8220; custom_css_gallery_pagination=&#8220;display: none !important;&#8220; global_colors_info=&#8220;{}&#8220;][\/et_pb_gallery][et_pb_divider color=&#8220;#c41919&#8243; divider_weight=&#8220;37px&#8220; _builder_version=&#8220;3.19&#8243; max_width=&#8220;9%&#8220; custom_margin=&#8220;-37px|||20px&#8220; custom_margin_tablet=&#8220;&#8220; custom_margin_phone=&#8220;-49px||&#8220; custom_margin_last_edited=&#8220;on|desktop&#8220; custom_padding=&#8220;0px||&#8220; global_colors_info=&#8220;{}&#8220;][\/et_pb_divider][\/et_pb_column][\/et_pb_row][\/et_pb_section][et_pb_section fb_built=&#8220;1&#8243; _builder_version=&#8220;3.22&#8243; custom_padding=&#8220;0||0||true|false&#8220; global_colors_info=&#8220;{}&#8220;][et_pb_row custom_padding_last_edited=&#8220;on|phone&#8220; _builder_version=&#8220;4.14.4&#8243; custom_padding=&#8220;60px|0px|47px|0px|false|false&#8220; custom_padding_tablet=&#8220;60px|0px|47px|0px|false|false&#8220; custom_padding_phone=&#8220;30px|0px|30px|0px|false|false&#8220; animation_style=&#8220;fold&#8220; animation_direction=&#8220;top&#8220; animation_duration=&#8220;1300ms&#8220; animation_delay=&#8220;500ms&#8220; global_colors_info=&#8220;{}&#8220;][et_pb_column type=&#8220;4_4&#8243; _builder_version=&#8220;3.25&#8243; custom_padding=&#8220;|||&#8220; global_colors_info=&#8220;{}&#8220; custom_padding__hover=&#8220;|||&#8220;][et_pb_text _builder_version=&#8220;4.14.4&#8243; text_font=&#8220;Rajdhani||||||||&#8220; text_text_color=&#8220;#000000&#8243; text_font_size=&#8220;22px&#8220; text_line_height=&#8220;1.8em&#8220; header_font=&#8220;Oswald|300||on|||||&#8220; header_text_align=&#8220;center&#8220; header_text_color=&#8220;#c41919&#8243; header_font_size=&#8220;50px&#8220; header_line_height=&#8220;1.3em&#8220; header_2_font=&#8220;Oswald|300||on|||||&#8220; header_2_text_color=&#8220;#c41919&#8243; header_2_font_size=&#8220;50px&#8220; header_2_line_height=&#8220;1.3em&#8220; text_orientation=&#8220;center&#8220; max_width=&#8220;60%&#8220; max_width_tablet=&#8220;&#8220; max_width_phone=&#8220;98%&#8220; max_width_last_edited=&#8220;on|desktop&#8220; module_alignment=&#8220;center&#8220; header_2_font_size_tablet=&#8220;50px&#8220; header_2_font_size_phone=&#8220;32px&#8220; header_2_font_size_last_edited=&#8220;on|phone&#8220; global_colors_info=&#8220;{}&#8220;]<\/p>\n<h2><strong>VIDEO<\/strong><\/h2>\n<p>[\/et_pb_text][\/et_pb_column][\/et_pb_row][et_pb_row column_structure=&#8220;1_2,1_4,1_4&#8243; use_custom_gutter=&#8220;on&#8220; gutter_width=&#8220;1&#8243; module_class=&#8220; et_pb_row_fullwidth&#8220; _builder_version=&#8220;4.14.4&#8243; width=&#8220;100%&#8220; width_tablet=&#8220;100%&#8220; width_phone=&#8220;&#8220; width_last_edited=&#8220;on|desktop&#8220; max_width=&#8220;100%&#8220; max_width_tablet=&#8220;100%&#8220; max_width_phone=&#8220;&#8220; max_width_last_edited=&#8220;on|desktop&#8220; custom_padding=&#8220;0px||14px||false|false&#8220; animation_style=&#8220;fold&#8220; animation_direction=&#8220;bottom&#8220; animation_duration=&#8220;1300ms&#8220; animation_delay=&#8220;500ms&#8220; border_width_top=&#8220;10px&#8220; border_color_top=&#8220;#ffffff&#8220; border_width_left=&#8220;10px&#8220; border_color_left=&#8220;#ffffff&#8220; make_fullwidth=&#8220;on&#8220; global_colors_info=&#8220;{}&#8220;][et_pb_column type=&#8220;1_2&#8243; _builder_version=&#8220;3.25&#8243; custom_padding=&#8220;|||&#8220; global_colors_info=&#8220;{}&#8220; custom_padding__hover=&#8220;|||&#8220;][et_pb_code _builder_version=&#8220;4.14.4&#8243; _module_preset=&#8220;default&#8220; custom_padding=&#8220;|12px|||false|false&#8220; global_colors_info=&#8220;{}&#8220;]<iframe loading=\"lazy\" width=\"560\" height=\"245\" src=\"https:\/\/www.youtube.com\/embed\/AAK2p8IMouM\" title=\"YouTube video player\" frameborder=\"0\" allow=\"accelerometer; autoplay; clipboard-write; encrypted-media; gyroscope; picture-in-picture\" allowfullscreen><\/iframe>[\/et_pb_code][\/et_pb_column][et_pb_column type=&#8220;1_4&#8243; _builder_version=&#8220;3.25&#8243; custom_padding=&#8220;|||&#8220; global_colors_info=&#8220;{}&#8220; custom_padding__hover=&#8220;|||&#8220;][et_pb_code _builder_version=&#8220;4.14.4&#8243; _module_preset=&#8220;default&#8220; custom_padding=&#8220;|12px|||false|false&#8220; global_colors_info=&#8220;{}&#8220;]<iframe loading=\"lazy\" width=\"560\" height=\"500\" src=\"https:\/\/www.youtube.com\/embed\/DEXo8L71B-A\" title=\"YouTube video player\" frameborder=\"0\" allow=\"accelerometer; autoplay; clipboard-write; encrypted-media; gyroscope; picture-in-picture\" allowfullscreen><\/iframe>[\/et_pb_code][\/et_pb_column][et_pb_column type=&#8220;1_4&#8243; _builder_version=&#8220;3.25&#8243; custom_padding=&#8220;|||&#8220; global_colors_info=&#8220;{}&#8220; custom_padding__hover=&#8220;|||&#8220;][et_pb_code _builder_version=&#8220;4.14.4&#8243; _module_preset=&#8220;default&#8220; custom_padding=&#8220;|12px|||false|false&#8220; global_colors_info=&#8220;{}&#8220;]<iframe loading=\"lazy\" width=\"560\" height=\"500\" src=\"https:\/\/www.youtube.com\/embed\/T75jK4hNg-M\" title=\"YouTube video player\" frameborder=\"0\" allow=\"accelerometer; autoplay; clipboard-write; encrypted-media; gyroscope; picture-in-picture\" allowfullscreen><\/iframe>[\/et_pb_code][\/et_pb_column][\/et_pb_row][\/et_pb_section]<\/p>\n","protected":false},"excerpt":{"rendered":"<p>Die Gesellschaft Speditionen Majetic wurde 1992 unter eigenem Kapital gegr\u00fcndet. Aller Anfang ist schwer, so auch in unserem Fall. Vor 20 Jahren begannen wir die Geschichte zu bilden. Wir hatten eine Fahrmischmaschine von 6m3 und von da an ging es bergauf. Durch diesen Aufstieg begannen sich auch unsere Auftr\u00e4ge zu vermehren und somit konnten wir [&hellip;]<\/p>\n","protected":false},"author":1,"featured_media":0,"parent":0,"menu_order":0,"comment_status":"closed","ping_status":"closed","template":"","meta":{"_et_pb_use_builder":"on","_et_pb_old_content":"","_et_gb_content_width":""},"_links":{"self":[{"href":"https:\/\/prijevoz-betona.com\/de\/wp-json\/wp\/v2\/pages\/231842"}],"collection":[{"href":"https:\/\/prijevoz-betona.com\/de\/wp-json\/wp\/v2\/pages"}],"about":[{"href":"https:\/\/prijevoz-betona.com\/de\/wp-json\/wp\/v2\/types\/page"}],"author":[{"embeddable":true,"href":"https:\/\/prijevoz-betona.com\/de\/wp-json\/wp\/v2\/users\/1"}],"replies":[{"embeddable":true,"href":"https:\/\/prijevoz-betona.com\/de\/wp-json\/wp\/v2\/comments?post=231842"}],"version-history":[{"count":5,"href":"https:\/\/prijevoz-betona.com\/de\/wp-json\/wp\/v2\/pages\/231842\/revisions"}],"predecessor-version":[{"id":232012,"href":"https:\/\/prijevoz-betona.com\/de\/wp-json\/wp\/v2\/pages\/231842\/revisions\/232012"}],"wp:attachment":[{"href":"https:\/\/prijevoz-betona.com\/de\/wp-json\/wp\/v2\/media?parent=231842"}],"curies":[{"name":"wp","href":"https:\/\/api.w.org\/{rel}","templated":true}]}}